{"id":2755,"date":"2020-01-02T22:36:55","date_gmt":"2020-01-03T03:36:55","guid":{"rendered":"https:\/\/www.faceyogapassion.com\/media\/"},"modified":"2020-10-27T14:03:49","modified_gmt":"2020-10-27T18:03:49","slug":"media","status":"publish","type":"page","link":"https:\/\/www.faceyogapassion.com\/en\/media\/","title":{"rendered":"Media"},"content":{"rendered":"<p>[vc_row css_animation=&#8221;&#8221; row_type=&#8221;row&#8221; use_row_as_full_screen_section=&#8221;no&#8221; type=&#8221;grid&#8221; angled_section=&#8221;no&#8221; text_align=&#8221;left&#8221; background_image_as_pattern=&#8221;without_pattern&#8221; z_index=&#8221;&#8221; css=&#8221;.vc_custom_1578023675480{padding-top: 70px !important;padding-bottom: 70px !important;}&#8221;][vc_column width=&#8221;1\/3&#8243;][vc_column_text]<a href=\"https:\/\/bskinenvie.ca\/blogs\/news\/find-the-flow-to-your-glow\" target=\"_blank\" rel=\"noopener noreferrer\"><img fetchpriority=\"high\" decoding=\"async\" class=\"alignnone size-full wp-image-2778\" src=\"https:\/\/www.faceyogapassion.com\/wp-content\/uploads\/2020\/02\/FYP-boutiqueskinenvie-Featured.jpg\" alt=\"boutiqueskinenvie\" width=\"1200\" height=\"630\" srcset=\"https:\/\/www.faceyogapassion.com\/wp-content\/uploads\/2020\/02\/FYP-boutiqueskinenvie-Featured.jpg 1200w, https:\/\/www.faceyogapassion.com\/wp-content\/uploads\/2020\/02\/FYP-boutiqueskinenvie-Featured-300x158.jpg 300w, https:\/\/www.faceyogapassion.com\/wp-content\/uploads\/2020\/02\/FYP-boutiqueskinenvie-Featured-1024x538.jpg 1024w, https:\/\/www.faceyogapassion.com\/wp-content\/uploads\/2020\/02\/FYP-boutiqueskinenvie-Featured-768x403.jpg 768w, https:\/\/www.faceyogapassion.com\/wp-content\/uploads\/2020\/02\/FYP-boutiqueskinenvie-Featured-400x210.jpg 400w, https:\/\/www.faceyogapassion.com\/wp-content\/uploads\/2020\/02\/FYP-boutiqueskinenvie-Featured-700x368.jpg 700w\" sizes=\"(max-width: 1200px) 100vw, 1200px\" \/><\/a><\/p>\n<h4 style=\"font-size: 20px; color: #eb028f; margin-bottom: -10px;\">FIND THE FLOW TO YOUR GLOW<\/h4>\n<p><strong>Boutique Skin Envie &#8211; January 2020<\/strong><\/p>\n<p>As we welcome 2020, we celebrate youthfulness and being young at heart. Marie-Reine Kabis shares the ultimate anti-ageing solution to a more youthful you. Discover her unique and innovative approach to controlling the natural ageing process&#8230;<\/p>\n<p><a href=\"https:\/\/bskinenvie.ca\/blogs\/news\/find-the-flow-to-your-glow\" target=\"_blank\" rel=\"noopener noreferrer\">Read More \u00bb<\/a>[\/vc_column_text][\/vc_column][vc_column width=&#8221;1\/3&#8243;][vc_column_text]<a href=\"https:\/\/www.faceyogapassion.com\/mieux-etre-fevrier-2020\/\"><img decoding=\"async\" class=\"alignnone size-full wp-image-2709\" src=\"https:\/\/www.faceyogapassion.com\/wp-content\/uploads\/2020\/01\/FYP-Mieux-Etre-Featured.jpg\" alt=\"Face Yoga Passion - Mieux-\u00eatre\" width=\"1200\" height=\"630\" srcset=\"https:\/\/www.faceyogapassion.com\/wp-content\/uploads\/2020\/01\/FYP-Mieux-Etre-Featured.jpg 1200w, https:\/\/www.faceyogapassion.com\/wp-content\/uploads\/2020\/01\/FYP-Mieux-Etre-Featured-300x158.jpg 300w, https:\/\/www.faceyogapassion.com\/wp-content\/uploads\/2020\/01\/FYP-Mieux-Etre-Featured-1024x538.jpg 1024w, https:\/\/www.faceyogapassion.com\/wp-content\/uploads\/2020\/01\/FYP-Mieux-Etre-Featured-768x403.jpg 768w, https:\/\/www.faceyogapassion.com\/wp-content\/uploads\/2020\/01\/FYP-Mieux-Etre-Featured-400x210.jpg 400w, https:\/\/www.faceyogapassion.com\/wp-content\/uploads\/2020\/01\/FYP-Mieux-Etre-Featured-700x368.jpg 700w\" sizes=\"(max-width: 1200px) 100vw, 1200px\" \/><\/a><\/p>\n<h4 style=\"font-size: 20px; color: #eb028f; margin-bottom: -10px;\">Du yoga pour tonifier le visage<\/h4>\n<p><strong>Mieux-\u00catre &#8211; F\u00e9vrier 2020<\/strong><\/p>\n<p>Le Yoga Facial permet de tonifier et de raffermir les muscles du visage tout en douceur et naturellement sans besoin d\u2019injection ou de passer sous le bistouri.<\/p>\n<p><a href=\"https:\/\/www.faceyogapassion.com\/mieux-etre-fevrier-2020\/\">Lire la suite \u00bb<\/a>[\/vc_column_text][\/vc_column][vc_column width=&#8221;1\/3&#8243;][vc_column_text]<a href=\"https:\/\/www.faceyogapassion.com\/vieillir-en-beaute-chatelaine-oct-nov-2019\/\"><img decoding=\"async\" class=\"alignnone size-full wp-image-2764\" src=\"https:\/\/www.faceyogapassion.com\/wp-content\/uploads\/2019\/12\/FYP-Chatelaine-Featured-1.jpg\" alt=\"Ch\u00e2telaine\" width=\"1200\" height=\"630\" srcset=\"https:\/\/www.faceyogapassion.com\/wp-content\/uploads\/2019\/12\/FYP-Chatelaine-Featured-1.jpg 1200w, https:\/\/www.faceyogapassion.com\/wp-content\/uploads\/2019\/12\/FYP-Chatelaine-Featured-1-300x158.jpg 300w, https:\/\/www.faceyogapassion.com\/wp-content\/uploads\/2019\/12\/FYP-Chatelaine-Featured-1-1024x538.jpg 1024w, https:\/\/www.faceyogapassion.com\/wp-content\/uploads\/2019\/12\/FYP-Chatelaine-Featured-1-768x403.jpg 768w, https:\/\/www.faceyogapassion.com\/wp-content\/uploads\/2019\/12\/FYP-Chatelaine-Featured-1-400x210.jpg 400w, https:\/\/www.faceyogapassion.com\/wp-content\/uploads\/2019\/12\/FYP-Chatelaine-Featured-1-700x368.jpg 700w\" sizes=\"(max-width: 1200px) 100vw, 1200px\" \/><\/a><\/p>\n<h4 style=\"font-size: 20px; color: #eb028f; margin-bottom: -10px;\">Vieillir en beaut\u00e9<\/h4>\n<p><strong>Ch\u00e2telaine &#8211; Novembre 2019<\/strong><\/p>\n<p>Quelques minutes d\u2019exercices faciaux chaque jour pour une peau plus ferme, des traits mieux d\u00e9finis et des rides moins apparentes ? Tout cela sans seringue ni bistouri ? C\u2019est ce que promettent les tenants du yoga facial, de la gymnastique faciale ou du massage kobiyoko.<\/p>\n<p><a href=\"https:\/\/www.faceyogapassion.com\/vieillir-en-beaute-chatelaine-oct-nov-2019\/\">Lire la suite \u00bb<\/a>[\/vc_column_text][\/vc_column][\/vc_row][vc_row css_animation=&#8221;&#8221; row_type=&#8221;row&#8221; use_row_as_full_screen_section=&#8221;no&#8221; type=&#8221;grid&#8221; angled_section=&#8221;no&#8221; text_align=&#8221;left&#8221; background_image_as_pattern=&#8221;without_pattern&#8221; z_index=&#8221;&#8221; css=&#8221;.vc_custom_1581105927926{padding-bottom: 70px !important;}&#8221;][vc_column width=&#8221;1\/3&#8243;][vc_column_text]<a href=\"https:\/\/www.faceyogapassion.com\/boomers-cie-decembre-2019\/\"><img loading=\"lazy\" decoding=\"async\" class=\"alignnone size-full wp-image-2711\" src=\"https:\/\/www.faceyogapassion.com\/wp-content\/uploads\/2020\/01\/FYP-Boomers-Cie-Featured.jpg\" alt=\"Face Yoga Passion - Boomers &amp; Cie\" width=\"1200\" height=\"630\" srcset=\"https:\/\/www.faceyogapassion.com\/wp-content\/uploads\/2020\/01\/FYP-Boomers-Cie-Featured.jpg 1200w, https:\/\/www.faceyogapassion.com\/wp-content\/uploads\/2020\/01\/FYP-Boomers-Cie-Featured-300x158.jpg 300w, https:\/\/www.faceyogapassion.com\/wp-content\/uploads\/2020\/01\/FYP-Boomers-Cie-Featured-1024x538.jpg 1024w, https:\/\/www.faceyogapassion.com\/wp-content\/uploads\/2020\/01\/FYP-Boomers-Cie-Featured-768x403.jpg 768w, https:\/\/www.faceyogapassion.com\/wp-content\/uploads\/2020\/01\/FYP-Boomers-Cie-Featured-400x210.jpg 400w, https:\/\/www.faceyogapassion.com\/wp-content\/uploads\/2020\/01\/FYP-Boomers-Cie-Featured-700x368.jpg 700w\" sizes=\"(max-width: 1200px) 100vw, 1200px\" \/><\/a><\/p>\n<h4 style=\"font-size: 20px; color: #eb028f; margin-bottom: -10px;\">Retrouvez votre \u00e9clat de jeunesse AU NATUREL<\/h4>\n<p><strong>Boomers &amp; Cie &#8211; D\u00e9cembre 2019<\/strong><\/p>\n<p>Nous avons toutes et tous qu\u2019avec l\u2019\u00e2ge, notre m\u00e9tabolisme ralenti. Afin de renforcer ce dernier, la stimulation d\u2019 une bonne circulation sanguine est primordiale et repr\u00e9sente l\u2019 une de cl\u00e9s de la pr\u00e9servation de la sant\u00e9.<\/p>\n<p><a href=\"https:\/\/www.faceyogapassion.com\/boomers-cie-decembre-2019\/\">Lire la suite \u00bb<\/a>[\/vc_column_text][\/vc_column][vc_column width=&#8221;1\/3&#8243;][\/vc_column][vc_column width=&#8221;1\/3&#8243;][\/vc_column][\/vc_row]<\/p>\n","protected":false},"excerpt":{"rendered":"<p>[vc_row css_animation=&#8221;&#8221; row_type=&#8221;row&#8221; use_row_as_full_screen_section=&#8221;no&#8221; type=&#8221;grid&#8221; angled_section=&#8221;no&#8221; text_align=&#8221;left&#8221; background_image_as_pattern=&#8221;without_pattern&#8221; z_index=&#8221;&#8221; css=&#8221;.vc_custom_1578023675480{padding-top: 70px !important;padding-bottom: 70px !important;}&#8221;][vc_column width=&#8221;1\/3&#8243;][vc_column_text] FIND THE FLOW TO YOUR GLOW Boutique Skin Envie &#8211; January 2020 As we welcome 2020, we celebrate youthfulness and being young at heart. Marie-Reine Kabis shares the ultimate anti-ageing&#8230;<\/p>\n","protected":false},"author":3,"featured_media":0,"parent":0,"menu_order":0,"comment_status":"closed","ping_status":"closed","template":"","meta":{"footnotes":""},"class_list":["post-2755","page","type-page","status-publish","hentry"],"yoast_head":"<!-- This site is optimized with the Yoast SEO plugin v27.1.1 - https:\/\/yoast.com\/product\/yoast-seo-wordpress\/ -->\n<title>Media - Face Yoga Passion<\/title>\n<meta name=\"robots\" content=\"index, follow, max-snippet:-1, max-image-preview:large, max-video-preview:-1\" \/>\n<link rel=\"canonical\" href=\"https:\/\/www.faceyogapassion.com\/en\/media\/\" \/>\n<meta property=\"og:locale\" content=\"en_US\" \/>\n<meta property=\"og:type\" content=\"article\" \/>\n<meta property=\"og:title\" content=\"Media - Face Yoga Passion\" \/>\n<meta property=\"og:description\" content=\"[vc_row css_animation=&#8221;&#8221; row_type=&#8221;row&#8221; use_row_as_full_screen_section=&#8221;no&#8221; type=&#8221;grid&#8221; angled_section=&#8221;no&#8221; text_align=&#8221;left&#8221; background_image_as_pattern=&#8221;without_pattern&#8221; z_index=&#8221;&#8221; css=&#8221;.vc_custom_1578023675480{padding-top: 70px !important;padding-bottom: 70px !important;}&#8221;][vc_column width=&#8221;1\/3&#8243;][vc_column_text] FIND THE FLOW TO YOUR GLOW Boutique Skin Envie &#8211; January 2020 As we welcome 2020, we celebrate youthfulness and being young at heart. Marie-Reine Kabis shares the ultimate anti-ageing...\" \/>\n<meta property=\"og:url\" content=\"https:\/\/www.faceyogapassion.com\/en\/media\/\" \/>\n<meta property=\"og:site_name\" content=\"Face Yoga Passion\" \/>\n<meta property=\"article:publisher\" content=\"https:\/\/www.facebook.com\/faceyogapassion\/\" \/>\n<meta property=\"article:modified_time\" content=\"2020-10-27T18:03:49+00:00\" \/>\n<meta property=\"og:image\" content=\"https:\/\/www.faceyogapassion.com\/wp-content\/uploads\/2020\/02\/FYP-boutiqueskinenvie-Featured.jpg\" \/>\n<meta name=\"twitter:card\" content=\"summary_large_image\" \/>\n<script type=\"application\/ld+json\" class=\"yoast-schema-graph\">{\"@context\":\"https:\/\/schema.org\",\"@graph\":[{\"@type\":\"WebPage\",\"@id\":\"https:\/\/www.faceyogapassion.com\/en\/media\/\",\"url\":\"https:\/\/www.faceyogapassion.com\/en\/media\/\",\"name\":\"Media - Face Yoga Passion\",\"isPartOf\":{\"@id\":\"https:\/\/www.faceyogapassion.com\/#website\"},\"primaryImageOfPage\":{\"@id\":\"https:\/\/www.faceyogapassion.com\/en\/media\/#primaryimage\"},\"image\":{\"@id\":\"https:\/\/www.faceyogapassion.com\/en\/media\/#primaryimage\"},\"thumbnailUrl\":\"https:\/\/www.faceyogapassion.com\/wp-content\/uploads\/2020\/02\/FYP-boutiqueskinenvie-Featured.jpg\",\"datePublished\":\"2020-01-03T03:36:55+00:00\",\"dateModified\":\"2020-10-27T18:03:49+00:00\",\"breadcrumb\":{\"@id\":\"https:\/\/www.faceyogapassion.com\/en\/media\/#breadcrumb\"},\"inLanguage\":\"en-US\",\"potentialAction\":[{\"@type\":\"ReadAction\",\"target\":[\"https:\/\/www.faceyogapassion.com\/en\/media\/\"]}]},{\"@type\":\"ImageObject\",\"inLanguage\":\"en-US\",\"@id\":\"https:\/\/www.faceyogapassion.com\/en\/media\/#primaryimage\",\"url\":\"https:\/\/www.faceyogapassion.com\/wp-content\/uploads\/2020\/02\/FYP-boutiqueskinenvie-Featured.jpg\",\"contentUrl\":\"https:\/\/www.faceyogapassion.com\/wp-content\/uploads\/2020\/02\/FYP-boutiqueskinenvie-Featured.jpg\"},{\"@type\":\"BreadcrumbList\",\"@id\":\"https:\/\/www.faceyogapassion.com\/en\/media\/#breadcrumb\",\"itemListElement\":[{\"@type\":\"ListItem\",\"position\":1,\"name\":\"Accueil\",\"item\":\"https:\/\/www.faceyogapassion.com\/en\/dany\/\"},{\"@type\":\"ListItem\",\"position\":2,\"name\":\"Media\"}]},{\"@type\":\"WebSite\",\"@id\":\"https:\/\/www.faceyogapassion.com\/#website\",\"url\":\"https:\/\/www.faceyogapassion.com\/\",\"name\":\"Face Yoga Passion\",\"description\":\"Find your flow in your glow!\",\"publisher\":{\"@id\":\"https:\/\/www.faceyogapassion.com\/#organization\"},\"potentialAction\":[{\"@type\":\"SearchAction\",\"target\":{\"@type\":\"EntryPoint\",\"urlTemplate\":\"https:\/\/www.faceyogapassion.com\/?s={search_term_string}\"},\"query-input\":{\"@type\":\"PropertyValueSpecification\",\"valueRequired\":true,\"valueName\":\"search_term_string\"}}],\"inLanguage\":\"en-US\"},{\"@type\":\"Organization\",\"@id\":\"https:\/\/www.faceyogapassion.com\/#organization\",\"name\":\"Face Yoga Passion\",\"url\":\"https:\/\/www.faceyogapassion.com\/\",\"logo\":{\"@type\":\"ImageObject\",\"inLanguage\":\"en-US\",\"@id\":\"https:\/\/www.faceyogapassion.com\/#\/schema\/logo\/image\/\",\"url\":\"https:\/\/www.faceyogapassion.com\/wp-content\/uploads\/2022\/04\/logo.jpg\",\"contentUrl\":\"https:\/\/www.faceyogapassion.com\/wp-content\/uploads\/2022\/04\/logo.jpg\",\"width\":1280,\"height\":582,\"caption\":\"Face Yoga Passion\"},\"image\":{\"@id\":\"https:\/\/www.faceyogapassion.com\/#\/schema\/logo\/image\/\"},\"sameAs\":[\"https:\/\/www.facebook.com\/faceyogapassion\/\",\"https:\/\/www.instagram.com\/face_yoga_passion\/\",\"https:\/\/www.linkedin.com\/company\/face-yoga-passion\/\",\"https:\/\/www.youtube.com\/channel\/UCIZlVsnS0j4UEtY2TZ2iDYQ\"]}]}<\/script>\n<!-- \/ Yoast SEO plugin. -->","yoast_head_json":{"title":"Media - Face Yoga Passion","robots":{"index":"index","follow":"follow","max-snippet":"max-snippet:-1","max-image-preview":"max-image-preview:large","max-video-preview":"max-video-preview:-1"},"canonical":"https:\/\/www.faceyogapassion.com\/en\/media\/","og_locale":"en_US","og_type":"article","og_title":"Media - Face Yoga Passion","og_description":"[vc_row css_animation=&#8221;&#8221; row_type=&#8221;row&#8221; use_row_as_full_screen_section=&#8221;no&#8221; type=&#8221;grid&#8221; angled_section=&#8221;no&#8221; text_align=&#8221;left&#8221; background_image_as_pattern=&#8221;without_pattern&#8221; z_index=&#8221;&#8221; css=&#8221;.vc_custom_1578023675480{padding-top: 70px !important;padding-bottom: 70px !important;}&#8221;][vc_column width=&#8221;1\/3&#8243;][vc_column_text] FIND THE FLOW TO YOUR GLOW Boutique Skin Envie &#8211; January 2020 As we welcome 2020, we celebrate youthfulness and being young at heart. Marie-Reine Kabis shares the ultimate anti-ageing...","og_url":"https:\/\/www.faceyogapassion.com\/en\/media\/","og_site_name":"Face Yoga Passion","article_publisher":"https:\/\/www.facebook.com\/faceyogapassion\/","article_modified_time":"2020-10-27T18:03:49+00:00","og_image":[{"url":"https:\/\/www.faceyogapassion.com\/wp-content\/uploads\/2020\/02\/FYP-boutiqueskinenvie-Featured.jpg","type":"","width":"","height":""}],"twitter_card":"summary_large_image","schema":{"@context":"https:\/\/schema.org","@graph":[{"@type":"WebPage","@id":"https:\/\/www.faceyogapassion.com\/en\/media\/","url":"https:\/\/www.faceyogapassion.com\/en\/media\/","name":"Media - Face Yoga Passion","isPartOf":{"@id":"https:\/\/www.faceyogapassion.com\/#website"},"primaryImageOfPage":{"@id":"https:\/\/www.faceyogapassion.com\/en\/media\/#primaryimage"},"image":{"@id":"https:\/\/www.faceyogapassion.com\/en\/media\/#primaryimage"},"thumbnailUrl":"https:\/\/www.faceyogapassion.com\/wp-content\/uploads\/2020\/02\/FYP-boutiqueskinenvie-Featured.jpg","datePublished":"2020-01-03T03:36:55+00:00","dateModified":"2020-10-27T18:03:49+00:00","breadcrumb":{"@id":"https:\/\/www.faceyogapassion.com\/en\/media\/#breadcrumb"},"inLanguage":"en-US","potentialAction":[{"@type":"ReadAction","target":["https:\/\/www.faceyogapassion.com\/en\/media\/"]}]},{"@type":"ImageObject","inLanguage":"en-US","@id":"https:\/\/www.faceyogapassion.com\/en\/media\/#primaryimage","url":"https:\/\/www.faceyogapassion.com\/wp-content\/uploads\/2020\/02\/FYP-boutiqueskinenvie-Featured.jpg","contentUrl":"https:\/\/www.faceyogapassion.com\/wp-content\/uploads\/2020\/02\/FYP-boutiqueskinenvie-Featured.jpg"},{"@type":"BreadcrumbList","@id":"https:\/\/www.faceyogapassion.com\/en\/media\/#breadcrumb","itemListElement":[{"@type":"ListItem","position":1,"name":"Accueil","item":"https:\/\/www.faceyogapassion.com\/en\/dany\/"},{"@type":"ListItem","position":2,"name":"Media"}]},{"@type":"WebSite","@id":"https:\/\/www.faceyogapassion.com\/#website","url":"https:\/\/www.faceyogapassion.com\/","name":"Face Yoga Passion","description":"Find your flow in your glow!","publisher":{"@id":"https:\/\/www.faceyogapassion.com\/#organization"},"potentialAction":[{"@type":"SearchAction","target":{"@type":"EntryPoint","urlTemplate":"https:\/\/www.faceyogapassion.com\/?s={search_term_string}"},"query-input":{"@type":"PropertyValueSpecification","valueRequired":true,"valueName":"search_term_string"}}],"inLanguage":"en-US"},{"@type":"Organization","@id":"https:\/\/www.faceyogapassion.com\/#organization","name":"Face Yoga Passion","url":"https:\/\/www.faceyogapassion.com\/","logo":{"@type":"ImageObject","inLanguage":"en-US","@id":"https:\/\/www.faceyogapassion.com\/#\/schema\/logo\/image\/","url":"https:\/\/www.faceyogapassion.com\/wp-content\/uploads\/2022\/04\/logo.jpg","contentUrl":"https:\/\/www.faceyogapassion.com\/wp-content\/uploads\/2022\/04\/logo.jpg","width":1280,"height":582,"caption":"Face Yoga Passion"},"image":{"@id":"https:\/\/www.faceyogapassion.com\/#\/schema\/logo\/image\/"},"sameAs":["https:\/\/www.facebook.com\/faceyogapassion\/","https:\/\/www.instagram.com\/face_yoga_passion\/","https:\/\/www.linkedin.com\/company\/face-yoga-passion\/","https:\/\/www.youtube.com\/channel\/UCIZlVsnS0j4UEtY2TZ2iDYQ"]}]}},"_links":{"self":[{"href":"https:\/\/www.faceyogapassion.com\/en\/wp-json\/wp\/v2\/pages\/2755","targetHints":{"allow":["GET"]}}],"collection":[{"href":"https:\/\/www.faceyogapassion.com\/en\/wp-json\/wp\/v2\/pages"}],"about":[{"href":"https:\/\/www.faceyogapassion.com\/en\/wp-json\/wp\/v2\/types\/page"}],"author":[{"embeddable":true,"href":"https:\/\/www.faceyogapassion.com\/en\/wp-json\/wp\/v2\/users\/3"}],"replies":[{"embeddable":true,"href":"https:\/\/www.faceyogapassion.com\/en\/wp-json\/wp\/v2\/comments?post=2755"}],"version-history":[{"count":0,"href":"https:\/\/www.faceyogapassion.com\/en\/wp-json\/wp\/v2\/pages\/2755\/revisions"}],"wp:attachment":[{"href":"https:\/\/www.faceyogapassion.com\/en\/wp-json\/wp\/v2\/media?parent=2755"}],"curies":[{"name":"wp","href":"https:\/\/api.w.org\/{rel}","templated":true}]}}